{"id":3332,"date":"2021-04-12T08:27:17","date_gmt":"2021-04-12T08:27:17","guid":{"rendered":"https:\/\/yugrow.es\/saas\/?page_id=3332"},"modified":"2021-04-23T11:55:19","modified_gmt":"2021-04-23T11:55:19","slug":"preguntas-frecuentes","status":"publish","type":"page","link":"https:\/\/yugrow.es\/saas\/preguntas-frecuentes\/","title":{"rendered":"Preguntas Frecuentes"},"content":{"rendered":"\t\t<div data-elementor-type=\"wp-page\" data-elementor-id=\"3332\" class=\"elementor elementor-3332\" data-elementor-settings=\"[]\">\n\t\t\t\t\t\t<div class=\"elementor-inner\">\n\t\t\t\t\t\t\t<div class=\"elementor-section-wrap\">\n\t\t\t\t\t\t\t<section class=\"elementor-section elementor-top-section elementor-element elementor-element-f9c9a08 elementor-section-boxed elementor-section-height-default elementor-section-height-default\" data-id=\"f9c9a08\" data-element_type=\"section\">\n\t\t\t\t\t\t<div class=\"elementor-container elementor-column-gap-default\">\n\t\t\t\t\t\t\t<div class=\"elementor-row\">\n\t\t\t\t\t<div class=\"elementor-column elementor-col-100 elementor-top-column elementor-element elementor-element-6a198f4\" data-id=\"6a198f4\" data-element_type=\"column\">\n\t\t\t<div class=\"elementor-column-wrap elementor-element-populated\">\n\t\t\t\t\t\t\t<div class=\"elementor-widget-wrap\">\n\t\t\t\t\t\t<div class=\"elementor-element elementor-element-3c922f5 elementor-widget elementor-widget-heading\" data-id=\"3c922f5\" data-element_type=\"widget\" data-widget_type=\"heading.default\">\n\t\t\t\t<div class=\"elementor-widget-container\">\n\t\t\t<h2 class=\"elementor-heading-title elementor-size-default\">Preguntas Frecuentes<\/h2>\t\t<\/div>\n\t\t\t\t<\/div>\n\t\t\t\t<div class=\"elementor-element elementor-element-7197844 elementor-widget-divider--view-line elementor-widget elementor-widget-divider\" data-id=\"7197844\" data-element_type=\"widget\" data-widget_type=\"divider.default\">\n\t\t\t\t<div class=\"elementor-widget-container\">\n\t\t\t\t\t<div class=\"elementor-divider\">\n\t\t\t<span class=\"elementor-divider-separator\">\n\t\t\t\t\t\t<\/span>\n\t\t<\/div>\n\t\t\t\t<\/div>\n\t\t\t\t<\/div>\n\t\t\t\t<div class=\"elementor-element elementor-element-350e18f faq-list elementor-widget elementor-widget-accordion\" data-id=\"350e18f\" data-element_type=\"widget\" data-widget_type=\"accordion.default\">\n\t\t\t\t<div class=\"elementor-widget-container\">\n\t\t\t\t\t<div class=\"elementor-accordion\" role=\"tablist\">\n\t\t\t\t\t\t\t<div class=\"elementor-accordion-item\">\n\t\t\t\t\t<div id=\"elementor-tab-title-5561\" class=\"elementor-tab-title\" data-tab=\"1\" role=\"tab\" aria-controls=\"elementor-tab-content-5561\" aria-expanded=\"false\">\n\t\t\t\t\t\t\t\t\t\t\t\t\t<span class=\"elementor-accordion-icon elementor-accordion-icon-left\" aria-hidden=\"true\">\n\t\t\t\t\t\t\t\t\t\t\t\t\t\t\t<span class=\"elementor-accordion-icon-closed\"><i class=\"fas fa-plus\"><\/i><\/span>\n\t\t\t\t\t\t\t\t<span class=\"elementor-accordion-icon-opened\"><i class=\"fas fa-minus\"><\/i><\/span>\n\t\t\t\t\t\t\t\t\t\t\t\t\t\t<\/span>\n\t\t\t\t\t\t\t\t\t\t\t\t<a class=\"elementor-accordion-title\" href=\"\">\u00bfQu\u00e9 es y qu\u00e9 no es YUGROW?<\/a>\n\t\t\t\t\t<\/div>\n\t\t\t\t\t<div id=\"elementor-tab-content-5561\" class=\"elementor-tab-content elementor-clearfix\" data-tab=\"1\" role=\"tabpanel\" aria-labelledby=\"elementor-tab-title-5561\"><p>YUGROW es una innovadora plataforma de software y gesti\u00f3n de clientes que contribuye a que tus servicios profesionales est\u00e9n avalados por la tecnolog\u00eda y la innovaci\u00f3n m\u00e1s vanguardistas.\u00a0<br \/>YUGROW\u00a0 NO es un buscador de profesionales y\/o servicios.<\/p><\/div>\n\t\t\t\t<\/div>\n\t\t\t\t\t\t\t<div class=\"elementor-accordion-item\">\n\t\t\t\t\t<div id=\"elementor-tab-title-5562\" class=\"elementor-tab-title\" data-tab=\"2\" role=\"tab\" aria-controls=\"elementor-tab-content-5562\" aria-expanded=\"false\">\n\t\t\t\t\t\t\t\t\t\t\t\t\t<span class=\"elementor-accordion-icon elementor-accordion-icon-left\" aria-hidden=\"true\">\n\t\t\t\t\t\t\t\t\t\t\t\t\t\t\t<span class=\"elementor-accordion-icon-closed\"><i class=\"fas fa-plus\"><\/i><\/span>\n\t\t\t\t\t\t\t\t<span class=\"elementor-accordion-icon-opened\"><i class=\"fas fa-minus\"><\/i><\/span>\n\t\t\t\t\t\t\t\t\t\t\t\t\t\t<\/span>\n\t\t\t\t\t\t\t\t\t\t\t\t<a class=\"elementor-accordion-title\" href=\"\">\u00bfPor qu\u00e9 elegir YUGROW?<\/a>\n\t\t\t\t\t<\/div>\n\t\t\t\t\t<div id=\"elementor-tab-content-5562\" class=\"elementor-tab-content elementor-clearfix\" data-tab=\"2\" role=\"tabpanel\" aria-labelledby=\"elementor-tab-title-5562\"><p>Porque YUGROW es la plataforma de software desarrollada por profesionales como t\u00fa que mejor te ayuda a relacionarte con tus clientes en entornos digitales, aportandoles m\u00e1s valor del que esperan y con los m\u00e1ximos est\u00e1ndares de seguridad.<\/p><\/div>\n\t\t\t\t<\/div>\n\t\t\t\t\t\t\t<div class=\"elementor-accordion-item\">\n\t\t\t\t\t<div id=\"elementor-tab-title-5563\" class=\"elementor-tab-title\" data-tab=\"3\" role=\"tab\" aria-controls=\"elementor-tab-content-5563\" aria-expanded=\"false\">\n\t\t\t\t\t\t\t\t\t\t\t\t\t<span class=\"elementor-accordion-icon elementor-accordion-icon-left\" aria-hidden=\"true\">\n\t\t\t\t\t\t\t\t\t\t\t\t\t\t\t<span class=\"elementor-accordion-icon-closed\"><i class=\"fas fa-plus\"><\/i><\/span>\n\t\t\t\t\t\t\t\t<span class=\"elementor-accordion-icon-opened\"><i class=\"fas fa-minus\"><\/i><\/span>\n\t\t\t\t\t\t\t\t\t\t\t\t\t\t<\/span>\n\t\t\t\t\t\t\t\t\t\t\t\t<a class=\"elementor-accordion-title\" href=\"\">\u00bfEn qu\u00e9 se diferencia de otras plataformas?<\/a>\n\t\t\t\t\t<\/div>\n\t\t\t\t\t<div id=\"elementor-tab-content-5563\" class=\"elementor-tab-content elementor-clearfix\" data-tab=\"3\" role=\"tabpanel\" aria-labelledby=\"elementor-tab-title-5563\"><ul><li>Tiene un precio m\u00e1s asequible.<\/li><li>Se adapta a ti y a tus necesidades, la puedes personalizar.<\/li><li>Ha sido ideada, dise\u00f1ada y desarrollada por coaches para sus necesidades, no por tecn\u00f3logos.<\/li><li>Est\u00e1 en continua evoluci\u00f3n para seguir ofreci\u00e9ndote las mejores y m\u00e1s innovadoras soluciones.<\/li><li>No es solo un CRM o un repositorio de documentos, es una herramienta que facilita tu trabajo\u00a0 en entornos digitales.<\/li><li>Es un espacio de relaci\u00f3n con tus clientes en el tendr\u00e1n su propio acceso.<\/li><\/ul><\/div>\n\t\t\t\t<\/div>\n\t\t\t\t\t\t\t<div class=\"elementor-accordion-item\">\n\t\t\t\t\t<div id=\"elementor-tab-title-5564\" class=\"elementor-tab-title\" data-tab=\"4\" role=\"tab\" aria-controls=\"elementor-tab-content-5564\" aria-expanded=\"false\">\n\t\t\t\t\t\t\t\t\t\t\t\t\t<span class=\"elementor-accordion-icon elementor-accordion-icon-left\" aria-hidden=\"true\">\n\t\t\t\t\t\t\t\t\t\t\t\t\t\t\t<span class=\"elementor-accordion-icon-closed\"><i class=\"fas fa-plus\"><\/i><\/span>\n\t\t\t\t\t\t\t\t<span class=\"elementor-accordion-icon-opened\"><i class=\"fas fa-minus\"><\/i><\/span>\n\t\t\t\t\t\t\t\t\t\t\t\t\t\t<\/span>\n\t\t\t\t\t\t\t\t\t\t\t\t<a class=\"elementor-accordion-title\" href=\"\">\u00bfEn qu\u00e9 me va a ayudar YUGROW?<\/a>\n\t\t\t\t\t<\/div>\n\t\t\t\t\t<div id=\"elementor-tab-content-5564\" class=\"elementor-tab-content elementor-clearfix\" data-tab=\"4\" role=\"tabpanel\" aria-labelledby=\"elementor-tab-title-5564\"><p>Con YUGROW ahorrar\u00e1s tiempo y desplazamientos, ya que podr\u00e1s conectar y gestionar mejor a tus clientes en entornos digitales de una forma m\u00e1s profesional y en un entorno muy seguro. Te ayudar\u00e1 en tu propia transformaci\u00f3n digital.<\/p><\/div>\n\t\t\t\t<\/div>\n\t\t\t\t\t\t\t<div class=\"elementor-accordion-item\">\n\t\t\t\t\t<div id=\"elementor-tab-title-5565\" class=\"elementor-tab-title\" data-tab=\"5\" role=\"tab\" aria-controls=\"elementor-tab-content-5565\" aria-expanded=\"false\">\n\t\t\t\t\t\t\t\t\t\t\t\t\t<span class=\"elementor-accordion-icon elementor-accordion-icon-left\" aria-hidden=\"true\">\n\t\t\t\t\t\t\t\t\t\t\t\t\t\t\t<span class=\"elementor-accordion-icon-closed\"><i class=\"fas fa-plus\"><\/i><\/span>\n\t\t\t\t\t\t\t\t<span class=\"elementor-accordion-icon-opened\"><i class=\"fas fa-minus\"><\/i><\/span>\n\t\t\t\t\t\t\t\t\t\t\t\t\t\t<\/span>\n\t\t\t\t\t\t\t\t\t\t\t\t<a class=\"elementor-accordion-title\" href=\"\">\u00bfQu\u00e9 ocurre con todos los datos que manejo en YUGROW?<\/a>\n\t\t\t\t\t<\/div>\n\t\t\t\t\t<div id=\"elementor-tab-content-5565\" class=\"elementor-tab-content elementor-clearfix\" data-tab=\"5\" role=\"tabpanel\" aria-labelledby=\"elementor-tab-title-5565\"><p>Si tienes un usuario activo, tanto t\u00fa como tus clientes podr\u00e9is acceder a vuestros perfiles, documentaci\u00f3n o procesos 24&#215;7 tantas veces como necesit\u00e9is.<br \/>Si tu periodo gratuito o tu contrato ha finalizado en alguna de nuestras suscripciones, aunque no puedas generar nuevos clientes o subir nueva documentaci\u00f3n, tendr\u00e1s 3 meses disponibles, con vuestros perfiles activos, para poder acceder a vuestros usuarios. Ser\u00e1<br \/>tiempo de sobra para descargaros todo lo que necesit\u00e9is conservar.<\/p><\/div>\n\t\t\t\t<\/div>\n\t\t\t\t\t\t\t<div class=\"elementor-accordion-item\">\n\t\t\t\t\t<div id=\"elementor-tab-title-5566\" class=\"elementor-tab-title\" data-tab=\"6\" role=\"tab\" aria-controls=\"elementor-tab-content-5566\" aria-expanded=\"false\">\n\t\t\t\t\t\t\t\t\t\t\t\t\t<span class=\"elementor-accordion-icon elementor-accordion-icon-left\" aria-hidden=\"true\">\n\t\t\t\t\t\t\t\t\t\t\t\t\t\t\t<span class=\"elementor-accordion-icon-closed\"><i class=\"fas fa-plus\"><\/i><\/span>\n\t\t\t\t\t\t\t\t<span class=\"elementor-accordion-icon-opened\"><i class=\"fas fa-minus\"><\/i><\/span>\n\t\t\t\t\t\t\t\t\t\t\t\t\t\t<\/span>\n\t\t\t\t\t\t\t\t\t\t\t\t<a class=\"elementor-accordion-title\" href=\"\">\u00bfEs rentable para m\u00ed contratar YUGROW?<\/a>\n\t\t\t\t\t<\/div>\n\t\t\t\t\t<div id=\"elementor-tab-content-5566\" class=\"elementor-tab-content elementor-clearfix\" data-tab=\"6\" role=\"tabpanel\" aria-labelledby=\"elementor-tab-title-5566\"><p>Teniendo en cuenta el precio medio de una sesi\u00f3n de coaching,\u00a0<span data-token-index=\"1\" data-reactroot=\"\">lo podr\u00e1s amortizar desde la primera sesi\u00f3n\u00a0<\/span>que realices. Pru\u00e9balo con tu primer cliente y comprueba c\u00f3mo nuestra plataforma de software es una herramienta vers\u00e1til que\u00a0<span data-token-index=\"3\" data-reactroot=\"\">te ayudar\u00e1 a dar un mejor servicio<\/span>.<\/p><\/div>\n\t\t\t\t<\/div>\n\t\t\t\t\t\t\t<div class=\"elementor-accordion-item\">\n\t\t\t\t\t<div id=\"elementor-tab-title-5567\" class=\"elementor-tab-title\" data-tab=\"7\" role=\"tab\" aria-controls=\"elementor-tab-content-5567\" aria-expanded=\"false\">\n\t\t\t\t\t\t\t\t\t\t\t\t\t<span class=\"elementor-accordion-icon elementor-accordion-icon-left\" aria-hidden=\"true\">\n\t\t\t\t\t\t\t\t\t\t\t\t\t\t\t<span class=\"elementor-accordion-icon-closed\"><i class=\"fas fa-plus\"><\/i><\/span>\n\t\t\t\t\t\t\t\t<span class=\"elementor-accordion-icon-opened\"><i class=\"fas fa-minus\"><\/i><\/span>\n\t\t\t\t\t\t\t\t\t\t\t\t\t\t<\/span>\n\t\t\t\t\t\t\t\t\t\t\t\t<a class=\"elementor-accordion-title\" href=\"\">\u00bfNecesito tener conocimientos tecnol\u00f3gicos para usar YUGROW?<\/a>\n\t\t\t\t\t<\/div>\n\t\t\t\t\t<div id=\"elementor-tab-content-5567\" class=\"elementor-tab-content elementor-clearfix\" data-tab=\"7\" role=\"tabpanel\" aria-labelledby=\"elementor-tab-title-5567\"><p><span data-token-index=\"0\" data-reactroot=\"\">NO. YUGROW\u00a0 es\u00a0 una herramienta muy intuitiva y de f\u00e1cil manejo<\/span>, perfecta para todos aquellos que quieran empezar a moverse con soltura en entornos digitales,\u00a0<span data-token-index=\"2\" data-reactroot=\"\">independientemente de sus conocimientos. <\/span>Adem\u00e1s para\u00a0<span data-token-index=\"4\" data-reactroot=\"\">cualquier duda<\/span>\u00a0que te surja siempre podr\u00e1s contar con nuestro equipo de Customer Care, que estar\u00e1 encantado de ayudarte en\u00a0<a class=\"notion-link-token notion-enable-hover\" href=\"mailto:hola@yugrow.es\" target=\"_blank\" rel=\"noopener noreferrer\" data-token-index=\"6\" data-reactroot=\"\">hola@yugrow.es<\/a>.<\/p><\/div>\n\t\t\t\t<\/div>\n\t\t\t\t\t\t\t<div class=\"elementor-accordion-item\">\n\t\t\t\t\t<div id=\"elementor-tab-title-5568\" class=\"elementor-tab-title\" data-tab=\"8\" role=\"tab\" aria-controls=\"elementor-tab-content-5568\" aria-expanded=\"false\">\n\t\t\t\t\t\t\t\t\t\t\t\t\t<span class=\"elementor-accordion-icon elementor-accordion-icon-left\" aria-hidden=\"true\">\n\t\t\t\t\t\t\t\t\t\t\t\t\t\t\t<span class=\"elementor-accordion-icon-closed\"><i class=\"fas fa-plus\"><\/i><\/span>\n\t\t\t\t\t\t\t\t<span class=\"elementor-accordion-icon-opened\"><i class=\"fas fa-minus\"><\/i><\/span>\n\t\t\t\t\t\t\t\t\t\t\t\t\t\t<\/span>\n\t\t\t\t\t\t\t\t\t\t\t\t<a class=\"elementor-accordion-title\" href=\"\">\u00bfQu\u00e9 pasa al final de mi periodo de prueba?<\/a>\n\t\t\t\t\t<\/div>\n\t\t\t\t\t<div id=\"elementor-tab-content-5568\" class=\"elementor-tab-content elementor-clearfix\" data-tab=\"8\" role=\"tabpanel\" aria-labelledby=\"elementor-tab-title-5568\"><p>Durante tu periodo de prueba estaremos en contacto, tanto por email como por videollamada\/llamada, para que puedas sacar el m\u00e1ximo provecho de esta oportunidad; adem\u00e1s, te avisaremos antes de que finalice.\u00a0<br \/>Recuerda que aunque no puedas generar nuevos clientes o subir nueva documentaci\u00f3n, tu usuario y datos de tus procesos seguir\u00e1n estando disponibles durante 3 meses incluso aunque no contrates el servicio, para que t\u00fa o tus clientes acced\u00e1is tantas veces como quer\u00e1is.<\/p><\/div>\n\t\t\t\t<\/div>\n\t\t\t\t\t\t\t<div class=\"elementor-accordion-item\">\n\t\t\t\t\t<div id=\"elementor-tab-title-5569\" class=\"elementor-tab-title\" data-tab=\"9\" role=\"tab\" aria-controls=\"elementor-tab-content-5569\" aria-expanded=\"false\">\n\t\t\t\t\t\t\t\t\t\t\t\t\t<span class=\"elementor-accordion-icon elementor-accordion-icon-left\" aria-hidden=\"true\">\n\t\t\t\t\t\t\t\t\t\t\t\t\t\t\t<span class=\"elementor-accordion-icon-closed\"><i class=\"fas fa-plus\"><\/i><\/span>\n\t\t\t\t\t\t\t\t<span class=\"elementor-accordion-icon-opened\"><i class=\"fas fa-minus\"><\/i><\/span>\n\t\t\t\t\t\t\t\t\t\t\t\t\t\t<\/span>\n\t\t\t\t\t\t\t\t\t\t\t\t<a class=\"elementor-accordion-title\" href=\"\">\u00bfQui\u00e9nes pueden utilizar YUGROW?<\/a>\n\t\t\t\t\t<\/div>\n\t\t\t\t\t<div id=\"elementor-tab-content-5569\" class=\"elementor-tab-content elementor-clearfix\" data-tab=\"9\" role=\"tabpanel\" aria-labelledby=\"elementor-tab-title-5569\"><p>\u00a1TODOS!, YUGROW es una plataforma que te permitir\u00e1 sacar el mayor partido a tu perfil y a tus servicios. Tanto si eres un profesional muy s\u00e9nior, como si est\u00e1s empezando, tendr\u00e1s un espacio disponible para ti adaptable y personalizable, en el que podr\u00e1s mostrar tus<br \/>formaciones, titulaciones, o experiencia.<\/p><\/div>\n\t\t\t\t<\/div>\n\t\t\t\t\t\t\t\t<\/div>\n\t\t\t\t<\/div>\n\t\t\t\t<\/div>\n\t\t\t\t<div class=\"elementor-element elementor-element-76b4186 elementor-widget elementor-widget-text-editor\" data-id=\"76b4186\" data-element_type=\"widget\" data-widget_type=\"text-editor.default\">\n\t\t\t\t<div class=\"elementor-widget-container\">\n\t\t\t\t\t\t\t\t<div class=\"elementor-text-editor elementor-clearfix\">\n\t\t\t\t<p style=\"text-align: center;\">Si no encuentras respuesta a tu duda aqu\u00ed, por favor ponte en contacto con nosotros en <a class=\"notion-link-token notion-enable-hover\" href=\"mailto:hola@yugrow.es\" target=\"_blank\" rel=\"noopener noreferrer\" data-token-index=\"1\" data-reactroot=\"\">hola@yugrow.es<\/a><\/p>\t\t\t\t\t<\/div>\n\t\t\t\t\t\t<\/div>\n\t\t\t\t<\/div>\n\t\t\t\t<div class=\"elementor-element elementor-element-034e048 elementor-mobile-align-justify elementor-align-center elementor-widget elementor-widget-button\" data-id=\"034e048\" data-element_type=\"widget\" data-widget_type=\"button.default\">\n\t\t\t\t<div class=\"elementor-widget-container\">\n\t\t\t\t\t<div class=\"elementor-button-wrapper\">\n\t\t\t<a href=\"https:\/\/yugrow.es\/saas\/servicios-y-precios-2\/\" class=\"elementor-button-link elementor-button elementor-size-lg\" role=\"button\">\n\t\t\t\t\t\t<span class=\"elementor-button-content-wrapper\">\n\t\t\t\t\t\t<span class=\"elementor-button-text\">Pru\u00e9bala gratis<\/span>\n\t\t<\/span>\n\t\t\t\t\t<\/a>\n\t\t<\/div>\n\t\t\t\t<\/div>\n\t\t\t\t<\/div>\n\t\t\t\t\t\t<\/div>\n\t\t\t\t\t<\/div>\n\t\t<\/div>\n\t\t\t\t\t\t\t\t<\/div>\n\t\t\t\t\t<\/div>\n\t\t<\/section>\n\t\t\t\t\t\t<\/div>\n\t\t\t\t\t\t<\/div>\n\t\t\t\t\t<\/div>\n\t\t","protected":false},"excerpt":{"rendered":"<p>Preguntas Frecuentes \u00bfQu\u00e9 es y qu\u00e9 no es YUGROW? YUGROW es una innovadora plataforma de software y gesti\u00f3n de clientes que contribuye a que tus servicios profesionales est\u00e9n avalados por la tecnolog\u00eda y la innovaci\u00f3n m\u00e1s vanguardistas.\u00a0YUGROW\u00a0 NO es un buscador de profesionales y\/o servicios. \u00bfPor qu\u00e9 elegir YUGROW? Porque YUGROW es la plataforma de&hellip;&nbsp;<a href=\"https:\/\/yugrow.es\/saas\/preguntas-frecuentes\/\" class=\"\" rel=\"bookmark\">Leer m\u00e1s &raquo;<span class=\"screen-reader-text\">Preguntas Frecuentes<\/span><\/a><\/p>\n","protected":false},"author":3,"featured_media":0,"parent":0,"menu_order":0,"comment_status":"closed","ping_status":"closed","template":"elementor_header_footer","meta":{"neve_meta_sidebar":"full-width","neve_meta_container":"","neve_meta_enable_content_width":"on","neve_meta_content_width":100,"neve_meta_title_alignment":"","neve_meta_author_avatar":"","neve_post_elements_order":"","neve_meta_disable_header":"","neve_meta_disable_footer":"","neve_meta_disable_title":"","_ti_tpc_template_sync":false,"_ti_tpc_template_id":""},"yoast_head":"<!-- This site is optimized with the Yoast SEO plugin v17.4 - https:\/\/yoast.com\/wordpress\/plugins\/seo\/ -->\n<title>Preguntas Frecuentes - YuGrow<\/title>\n<meta name=\"robots\" content=\"index, follow, max-snippet:-1, max-image-preview:large, max-video-preview:-1\" \/>\n<link rel=\"canonical\" href=\"https:\/\/yugrow.es\/saas\/preguntas-frecuentes\/\" \/>\n<meta property=\"og:locale\" content=\"es_ES\" \/>\n<meta property=\"og:type\" content=\"article\" \/>\n<meta property=\"og:title\" content=\"Preguntas Frecuentes - YuGrow\" \/>\n<meta property=\"og:description\" content=\"Preguntas Frecuentes \u00bfQu\u00e9 es y qu\u00e9 no es YUGROW? YUGROW es una innovadora plataforma de software y gesti\u00f3n de clientes que contribuye a que tus servicios profesionales est\u00e9n avalados por la tecnolog\u00eda y la innovaci\u00f3n m\u00e1s vanguardistas.\u00a0YUGROW\u00a0 NO es un buscador de profesionales y\/o servicios. \u00bfPor qu\u00e9 elegir YUGROW? Porque YUGROW es la plataforma de&hellip;&nbsp;Leer m\u00e1s &raquo;Preguntas Frecuentes\" \/>\n<meta property=\"og:url\" content=\"https:\/\/yugrow.es\/saas\/preguntas-frecuentes\/\" \/>\n<meta property=\"og:site_name\" content=\"YuGrow\" \/>\n<meta property=\"article:modified_time\" content=\"2021-04-23T11:55:19+00:00\" \/>\n<meta name=\"twitter:card\" content=\"summary_large_image\" \/>\n<meta name=\"twitter:label1\" content=\"Tiempo de lectura\" \/>\n\t<meta name=\"twitter:data1\" content=\"3 minutos\" \/>\n<script type=\"application\/ld+json\" class=\"yoast-schema-graph\">{\"@context\":\"https:\/\/schema.org\",\"@graph\":[{\"@type\":\"WebSite\",\"@id\":\"https:\/\/yugrow.es\/saas\/#website\",\"url\":\"https:\/\/yugrow.es\/saas\/\",\"name\":\"YuGrow\",\"description\":\"Plataforma online de Coaching &amp; Mentoring\",\"potentialAction\":[{\"@type\":\"SearchAction\",\"target\":{\"@type\":\"EntryPoint\",\"urlTemplate\":\"https:\/\/yugrow.es\/saas\/?s={search_term_string}\"},\"query-input\":\"required name=search_term_string\"}],\"inLanguage\":\"es\"},{\"@type\":\"WebPage\",\"@id\":\"https:\/\/yugrow.es\/saas\/preguntas-frecuentes\/#webpage\",\"url\":\"https:\/\/yugrow.es\/saas\/preguntas-frecuentes\/\",\"name\":\"Preguntas Frecuentes - YuGrow\",\"isPartOf\":{\"@id\":\"https:\/\/yugrow.es\/saas\/#website\"},\"datePublished\":\"2021-04-12T08:27:17+00:00\",\"dateModified\":\"2021-04-23T11:55:19+00:00\",\"breadcrumb\":{\"@id\":\"https:\/\/yugrow.es\/saas\/preguntas-frecuentes\/#breadcrumb\"},\"inLanguage\":\"es\",\"potentialAction\":[{\"@type\":\"ReadAction\",\"target\":[\"https:\/\/yugrow.es\/saas\/preguntas-frecuentes\/\"]}]},{\"@type\":\"BreadcrumbList\",\"@id\":\"https:\/\/yugrow.es\/saas\/preguntas-frecuentes\/#breadcrumb\",\"itemListElement\":[{\"@type\":\"ListItem\",\"position\":1,\"name\":\"Portada\",\"item\":\"https:\/\/yugrow.es\/saas\/\"},{\"@type\":\"ListItem\",\"position\":2,\"name\":\"Preguntas Frecuentes\"}]}]}<\/script>\n<!-- \/ Yoast SEO plugin. -->","yoast_head_json":{"title":"Preguntas Frecuentes - YuGrow","robots":{"index":"index","follow":"follow","max-snippet":"max-snippet:-1","max-image-preview":"max-image-preview:large","max-video-preview":"max-video-preview:-1"},"canonical":"https:\/\/yugrow.es\/saas\/preguntas-frecuentes\/","og_locale":"es_ES","og_type":"article","og_title":"Preguntas Frecuentes - YuGrow","og_description":"Preguntas Frecuentes \u00bfQu\u00e9 es y qu\u00e9 no es YUGROW? YUGROW es una innovadora plataforma de software y gesti\u00f3n de clientes que contribuye a que tus servicios profesionales est\u00e9n avalados por la tecnolog\u00eda y la innovaci\u00f3n m\u00e1s vanguardistas.\u00a0YUGROW\u00a0 NO es un buscador de profesionales y\/o servicios. \u00bfPor qu\u00e9 elegir YUGROW? Porque YUGROW es la plataforma de&hellip;&nbsp;Leer m\u00e1s &raquo;Preguntas Frecuentes","og_url":"https:\/\/yugrow.es\/saas\/preguntas-frecuentes\/","og_site_name":"YuGrow","article_modified_time":"2021-04-23T11:55:19+00:00","twitter_card":"summary_large_image","twitter_misc":{"Tiempo de lectura":"3 minutos"},"schema":{"@context":"https:\/\/schema.org","@graph":[{"@type":"WebSite","@id":"https:\/\/yugrow.es\/saas\/#website","url":"https:\/\/yugrow.es\/saas\/","name":"YuGrow","description":"Plataforma online de Coaching &amp; Mentoring","potentialAction":[{"@type":"SearchAction","target":{"@type":"EntryPoint","urlTemplate":"https:\/\/yugrow.es\/saas\/?s={search_term_string}"},"query-input":"required name=search_term_string"}],"inLanguage":"es"},{"@type":"WebPage","@id":"https:\/\/yugrow.es\/saas\/preguntas-frecuentes\/#webpage","url":"https:\/\/yugrow.es\/saas\/preguntas-frecuentes\/","name":"Preguntas Frecuentes - YuGrow","isPartOf":{"@id":"https:\/\/yugrow.es\/saas\/#website"},"datePublished":"2021-04-12T08:27:17+00:00","dateModified":"2021-04-23T11:55:19+00:00","breadcrumb":{"@id":"https:\/\/yugrow.es\/saas\/preguntas-frecuentes\/#breadcrumb"},"inLanguage":"es","potentialAction":[{"@type":"ReadAction","target":["https:\/\/yugrow.es\/saas\/preguntas-frecuentes\/"]}]},{"@type":"BreadcrumbList","@id":"https:\/\/yugrow.es\/saas\/preguntas-frecuentes\/#breadcrumb","itemListElement":[{"@type":"ListItem","position":1,"name":"Portada","item":"https:\/\/yugrow.es\/saas\/"},{"@type":"ListItem","position":2,"name":"Preguntas Frecuentes"}]}]}},"_links":{"self":[{"href":"https:\/\/yugrow.es\/saas\/wp-json\/wp\/v2\/pages\/3332"}],"collection":[{"href":"https:\/\/yugrow.es\/saas\/wp-json\/wp\/v2\/pages"}],"about":[{"href":"https:\/\/yugrow.es\/saas\/wp-json\/wp\/v2\/types\/page"}],"author":[{"embeddable":true,"href":"https:\/\/yugrow.es\/saas\/wp-json\/wp\/v2\/users\/3"}],"replies":[{"embeddable":true,"href":"https:\/\/yugrow.es\/saas\/wp-json\/wp\/v2\/comments?post=3332"}],"version-history":[{"count":0,"href":"https:\/\/yugrow.es\/saas\/wp-json\/wp\/v2\/pages\/3332\/revisions"}],"wp:attachment":[{"href":"https:\/\/yugrow.es\/saas\/wp-json\/wp\/v2\/media?parent=3332"}],"curies":[{"name":"wp","href":"https:\/\/api.w.org\/{rel}","templated":true}]}}