{"id":1746,"date":"2020-11-11T12:10:21","date_gmt":"2020-11-11T12:10:21","guid":{"rendered":"https:\/\/yugrow.es\/saas\/?page_id=1746"},"modified":"2021-07-07T13:48:27","modified_gmt":"2021-07-07T13:48:27","slug":"politica-privacidad","status":"publish","type":"page","link":"https:\/\/yugrow.es\/saas\/politica-privacidad\/","title":{"rendered":"Pol\u00edtica privacidad"},"content":{"rendered":"\t\t<div data-elementor-type=\"wp-page\" data-elementor-id=\"1746\" class=\"elementor elementor-1746\" data-elementor-settings=\"[]\">\n\t\t\t\t\t\t<div class=\"elementor-inner\">\n\t\t\t\t\t\t\t<div class=\"elementor-section-wrap\">\n\t\t\t\t\t\t\t<section class=\"elementor-section elementor-top-section elementor-element elementor-element-14ef286e elementor-section-boxed elementor-section-height-default elementor-section-height-default\" data-id=\"14ef286e\" data-element_type=\"section\">\n\t\t\t\t\t\t<div class=\"elementor-container elementor-column-gap-default\">\n\t\t\t\t\t\t\t<div class=\"elementor-row\">\n\t\t\t\t\t<div class=\"elementor-column elementor-col-100 elementor-top-column elementor-element elementor-element-4c2964a6\" data-id=\"4c2964a6\" data-element_type=\"column\">\n\t\t\t<div class=\"elementor-column-wrap elementor-element-populated\">\n\t\t\t\t\t\t\t<div class=\"elementor-widget-wrap\">\n\t\t\t\t\t\t<div class=\"elementor-element elementor-element-39ffc0b9 elementor-widget elementor-widget-text-editor\" data-id=\"39ffc0b9\" data-element_type=\"widget\" data-widget_type=\"text-editor.default\">\n\t\t\t\t<div class=\"elementor-widget-container\">\n\t\t\t\t\t\t\t\t<div class=\"elementor-text-editor elementor-clearfix\">\n\t\t\t\t<!-- wp:paragraph -->\n<p><strong>Pol\u00edtica de Privacidad y Protecci\u00f3n de Datos www.yugrow.es<\/strong><\/p>\n<!-- \/wp:paragraph --><!-- wp:paragraph -->\n<p>La marca Yugrow as\u00ed como la p\u00e1gina principal <a href=\"https:\/\/yugrow.es\/saas\/\"><strong>www.yugrow.es <\/strong><\/a>y todas las p\u00e1ginas accesorias, pertenecen a YUCOACH SERVICES, S.L. .<br \/>De conformidad con lo establecido en el Reglamento General de Protecci\u00f3n de datos (Reglamento (UE) 2016\/679 de 27 de abril de 2016 relativo a la protecci\u00f3n de las personas f\u00edsicas en lo que respecta al tratamiento de datos personales y a la libre circulaci\u00f3n de estos datos, RGPD), as\u00ed como en otra legislaci\u00f3n complementaria, le informamos que en YUCOACH SERVICES, S.L. estamos comprometidos con la protecci\u00f3n de la informaci\u00f3n que gestionamos; nos preocupamos por nuestros usuarios y su privacidad cumpliendo con la normativa aplicable en materia de protecci\u00f3n de datos. Por ello, ponemos a su disposici\u00f3n la informaci\u00f3n relativa al tratamiento de datos personales que llevamos a cabo, con el objetivo de que, en todo momento, conozca c\u00f3mo tratamos sus datos y los derechos que le asisten como titular de los mismos.<\/p>\n<!-- \/wp:paragraph --><!-- wp:paragraph -->\n<p><strong><em>IDENTIDAD Y DATOS DE CONTACTO DEL RESPONSABLE<\/em><\/strong><\/p>\n<!-- \/wp:paragraph --><!-- wp:paragraph -->\n<ul>\n<li>Identidad del Responsable: YUCOACH SERVICES, S.L.<\/li>\n<li>CIF: B88336169<\/li>\n<li>Domicilio:Calle Alcal\u00e1, 54, 4o izqda 28014 Madrid<\/li>\n<li>Tel\u00e9fono de contacto:910800675<\/li>\n<li>Direcci\u00f3n electr\u00f3nica: hola@yugrow.es<\/li>\n<\/ul>\n<!-- \/wp:paragraph --><!-- wp:paragraph --><!-- \/wp:paragraph --><!-- wp:paragraph -->\n<p>\u00a0<\/p>\n<p><strong><em>\u00bfCON QUE FINALIDAD TRATAMOS SUS DATOS?<\/em><\/strong><\/p>\n<!-- \/wp:paragraph --><!-- wp:paragraph -->\n<p>Los datos que nos facilita podr\u00e1n ser utilizados con alguna de las siguientes finalidades que estar\u00e1n previamente informadas:<\/p>\n<!-- \/wp:paragraph --><!-- wp:list {\"ordered\":true} -->\n<p style=\"padding-left: 40px;\">(1) \u00a0poder contactar con usted y as\u00ed, poder atender, tramitar y gestionar adecuadamente las consultas, comentarios, incidencias o sugerencias remitidas<\/p>\n<p style=\"padding-left: 40px;\">(2) \u00a0gestionar adecuadamente la navegaci\u00f3n a trav\u00e9s del presente sitio web<\/p>\n<p style=\"padding-left: 40px;\">(3) \u00a0para el ejercicio o la defensa de las reclamaciones de cualquier tipo<\/p>\n<p style=\"padding-left: 40px;\">(4) \u00a0para que usted pueda hacer uso de los servicios ofrecidos en esta p\u00e1gina<\/p>\n<p style=\"padding-left: 40px;\">(5) \u00a0para otras finalidades relacionadas tales como garant\u00edas, facturaci\u00f3n, intercambio de contenidos<\/p>\n<p style=\"padding-left: 40px;\">(6) \u00a0Si usted as\u00ed lo desea y lo manifiesta aceptando entrar en la newsletter de YUCOACH SERVICES, S.L., y\/o aceptando el env\u00edo de comunicaciones comerciales, usaremos sus datos para mantenerle informado, bien por medios electr\u00f3nicos o dispositivos m\u00f3viles de cualquier informaci\u00f3n que pudieran resultar de su inter\u00e9s.<\/p>\n<!-- \/wp:list --><!-- wp:paragraph -->\n<p>La informaci\u00f3n facilitada podr\u00e1 ser sometida a tratamiento para crear un perfil que nos permita ofrecerle la informaci\u00f3n que m\u00e1s le pueda interesar. Asimismo, le informamos de que en base a ese posible perfil no se tomaran decisiones automatizadas.<\/p>\n<!-- \/wp:paragraph --><!-- wp:paragraph -->\n<p><strong><em>\u00bfCUAL ES LA LEGITIMACI\u00d3N CON LA QUE TRATAMOS SUS DATOS?<\/em><\/strong><\/p>\n<!-- \/wp:paragraph --><!-- wp:paragraph -->\n<p>El tratamiento de sus datos para:<\/p>\n<!-- \/wp:paragraph --><!-- wp:list -->\n<p style=\"padding-left: 40px;\">\u25cf \u00a0el uso de la p\u00e1gina se encuentra legitimado por la aceptaci\u00f3n por su parte de las finalidades establecidas en el aviso legal de <a href=\"https:\/\/yugrow.es\/saas\/\">www.yugrow.es<\/a><\/p>\n<p style=\"padding-left: 40px;\">\u25cf \u00a0la gesti\u00f3n de la suscripci\u00f3n a la newsletter, la gesti\u00f3n de la relaci\u00f3n comercial derivada de uso de los servicios prestados en la plataforma o el env\u00edo de comunicaciones comerciales se basa en su consentimiento al facilitarlos en el momento de la suscripci\u00f3n o inscripci\u00f3n.<\/p>\n<p style=\"padding-left: 40px;\">YUCOACH SERVICES, S.L. bajo el amparo del inter\u00e9s leg\u00edtimo que le corresponde podr\u00e1 realizar los tratamientos que sean estrictamente necesarios para la administraci\u00f3n interna de la p\u00e1gina web, an\u00e1lisis estad\u00edsticos de visitas a la Web y comportamientos de sus Usuarios.<\/p>\n<p><strong><em>DERECHO A RETIRAR SU CONSENTIMIENTO<\/em><\/strong><\/p>\n<p>En cualquier momento puede retirar su consentimiento para el tratamiento de sus datos para la gesti\u00f3n de la suscripci\u00f3n, el uso de los servicios ofrecidos en la web o el env\u00edo de comunicaciones comerciales, en cuyo caso nos veremos obligados a anular dicha suscripci\u00f3n -y dejar\u00e1 de recibir la newsletter y\/o otras comunicaciones comerciales- o dejar sin efecto su participaci\u00f3n en los servicios ofrecidos en la web.<\/p>\n<p><strong><em>\u00bfA QUE DESTINATARIOS SE COMUNICARAN SUS DATOS?<\/em><\/strong><\/p>\n<p>YUCOACH SERVICES, S.L. no ceder\u00e1 los datos que nos ha facilitado salvo requerimiento judicial o de la Administraci\u00f3n P\u00fablica en el ejercicio de sus potestades.<\/p>\n<p><strong><em>\u00bfCU\u00c1NTO TIEMPO CONSERVAREMOS SUS DATOS?<\/em><\/strong><\/p>\n<p>Los datos ser\u00e1n conservados durante el tiempo imprescindible en funci\u00f3n de la finalidad para la que fueron facilitados o recabados, sin perjuicio de, en su caso, el ejercicio de su derecho de supresi\u00f3n. En relaci\u00f3n con el tratamiento necesario para el env\u00edo de nuestra newsletter o de las comunicaciones comerciales, mantendremos sus datos en el sistema en tanto no nos solicite su supresi\u00f3n.<\/p>\n<p><strong><em>\u00bfCUALES SON SUS DERECHOS?<\/em><\/strong><\/p>\n<p>Tendr\u00e1 derecho a obtener confirmaci\u00f3n sobre si estamos tratando datos personales que le conciernen o no. En relaci\u00f3n con sus datos personales tiene derecho a:<\/p>\n<!-- \/wp:list --><!-- wp:list -->\n<p style=\"padding-left: 40px;\">\u25cf \u00a0Acceder a los mismos.<\/p>\n<p style=\"padding-left: 40px;\">\u25cf \u00a0Solicitar su rectificaci\u00f3n o supresi\u00f3n.<\/p>\n<p style=\"padding-left: 40px;\">\u25cf \u00a0Solicitar la limitaci\u00f3n de su tratamiento.<\/p>\n<p style=\"padding-left: 40px;\">\u25cf \u00a0Oponerse a su tratamiento.<\/p>\n<p style=\"padding-left: 40px;\">\u25cf \u00a0Solicitar su portabilidad en un formato estructurado, de uso com\u00fan y de lectura mec\u00e1nica.<\/p>\n<p><br \/>Podr\u00e1 ejercer tales derechos ante YUCOACH SERVICES, S.L. Para ello podr\u00e1 dirigirse por escrito a la direcci\u00f3n indicada m\u00e1s arriba, acompa\u00f1ando a su solicitud una copia de documento oficial de identificaci\u00f3n, o enviando un correo electr\u00f3nico que incluya firma electr\u00f3nica, con el objeto de acreditar su identidad, a hola@yugrow.es<\/p>\n<p>\u00a0<\/p>\n<!-- \/wp:list --><!-- wp:paragraph --><!-- \/wp:paragraph --><!-- wp:paragraph -->\n<p><strong><em>DERECHO A PRESENTAR RECLAMACI\u00d3N ANTE LA AUTORIDAD DE CONTROL<\/em><\/strong><\/p>\n<!-- \/wp:paragraph --><!-- wp:paragraph -->\n<p>Usted puede presentar una reclamaci\u00f3n ante la Agencia Espa\u00f1ola de Protecci\u00f3n de Datos, especialmente cuando no est\u00e9 satisfecho con la respuesta del ejercicio de sus derechos, para m\u00e1s detalle puede consultar la web <a href=\"https:\/\/www.aepd.es\/es\">www.agpd.es<\/a><\/p>\n<!-- \/wp:paragraph --><!-- wp:paragraph -->\n<p><strong><em>MODIFICACIONES A LA PRESENTE INFORMACI\u00d3N DE PROTECCI\u00d3N DE DATOS<\/em><\/strong><\/p>\n<!-- \/wp:paragraph --><!-- wp:paragraph -->\n<p>Revisaremos y actualizaremos la informaci\u00f3n de protecci\u00f3n de datos cuando estimemos necesario o cuando se produzcan modificaciones en la legislaci\u00f3n o en alguno de los procedimientos de tratamiento de su informaci\u00f3n personal. Si tenemos su direcci\u00f3n de correo electr\u00f3nico o tel\u00e9fono m\u00f3vil, tambi\u00e9n le enviaremos un correo electr\u00f3nico o SMS con informaci\u00f3n sobre dichos cambios. En caso de ser necesario, renovaremos su consentimiento para que nos confirme que est\u00e1 de acuerdo con estos cambios.<\/p>\n<!-- \/wp:paragraph -->\t\t\t\t\t<\/div>\n\t\t\t\t\t\t<\/div>\n\t\t\t\t<\/div>\n\t\t\t\t\t\t<\/div>\n\t\t\t\t\t<\/div>\n\t\t<\/div>\n\t\t\t\t\t\t\t\t<\/div>\n\t\t\t\t\t<\/div>\n\t\t<\/section>\n\t\t\t\t\t\t<\/div>\n\t\t\t\t\t\t<\/div>\n\t\t\t\t\t<\/div>\n\t\t","protected":false},"excerpt":{"rendered":"<p>Pol\u00edtica de Privacidad y Protecci\u00f3n de Datos www.yugrow.es La marca Yugrow as\u00ed como la p\u00e1gina principal www.yugrow.es y todas las p\u00e1ginas accesorias, pertenecen a YUCOACH SERVICES, S.L. .De conformidad con lo establecido en el Reglamento General de Protecci\u00f3n de datos (Reglamento (UE) 2016\/679 de 27 de abril de 2016 relativo a la protecci\u00f3n de las&hellip;&nbsp;<a href=\"https:\/\/yugrow.es\/saas\/politica-privacidad\/\" class=\"\" rel=\"bookmark\">Leer m\u00e1s &raquo;<span class=\"screen-reader-text\">Pol\u00edtica privacidad<\/span><\/a><\/p>\n","protected":false},"author":1,"featured_media":0,"parent":0,"menu_order":0,"comment_status":"closed","ping_status":"closed","template":"","meta":{"neve_meta_sidebar":"full-width","neve_meta_container":"","neve_meta_enable_content_width":"on","neve_meta_content_width":100,"neve_meta_title_alignment":"","neve_meta_author_avatar":"","neve_post_elements_order":"","neve_meta_disable_header":"","neve_meta_disable_footer":"","neve_meta_disable_title":"","_ti_tpc_template_sync":false,"_ti_tpc_template_id":""},"yoast_head":"<!-- This site is optimized with the Yoast SEO plugin v17.4 - https:\/\/yoast.com\/wordpress\/plugins\/seo\/ -->\n<title>Pol\u00edtica privacidad - YuGrow<\/title>\n<meta name=\"robots\" content=\"noindex, nofollow\" \/>\n<meta property=\"og:locale\" content=\"es_ES\" \/>\n<meta property=\"og:type\" content=\"article\" \/>\n<meta property=\"og:title\" content=\"Pol\u00edtica privacidad - YuGrow\" \/>\n<meta property=\"og:description\" content=\"Pol\u00edtica de Privacidad y Protecci\u00f3n de Datos www.yugrow.es La marca Yugrow as\u00ed como la p\u00e1gina principal www.yugrow.es y todas las p\u00e1ginas accesorias, pertenecen a YUCOACH SERVICES, S.L. .De conformidad con lo establecido en el Reglamento General de Protecci\u00f3n de datos (Reglamento (UE) 2016\/679 de 27 de abril de 2016 relativo a la protecci\u00f3n de las&hellip;&nbsp;Leer m\u00e1s &raquo;Pol\u00edtica privacidad\" \/>\n<meta property=\"og:url\" content=\"https:\/\/yugrow.es\/saas\/politica-privacidad\/\" \/>\n<meta property=\"og:site_name\" content=\"YuGrow\" \/>\n<meta property=\"article:modified_time\" content=\"2021-07-07T13:48:27+00:00\" \/>\n<meta name=\"twitter:card\" content=\"summary_large_image\" \/>\n<meta name=\"twitter:label1\" content=\"Tiempo de lectura\" \/>\n\t<meta name=\"twitter:data1\" content=\"4 minutos\" \/>\n<script type=\"application\/ld+json\" class=\"yoast-schema-graph\">{\"@context\":\"https:\/\/schema.org\",\"@graph\":[{\"@type\":\"WebSite\",\"@id\":\"https:\/\/yugrow.es\/saas\/#website\",\"url\":\"https:\/\/yugrow.es\/saas\/\",\"name\":\"YuGrow\",\"description\":\"Plataforma online de Coaching &amp; Mentoring\",\"potentialAction\":[{\"@type\":\"SearchAction\",\"target\":{\"@type\":\"EntryPoint\",\"urlTemplate\":\"https:\/\/yugrow.es\/saas\/?s={search_term_string}\"},\"query-input\":\"required name=search_term_string\"}],\"inLanguage\":\"es\"},{\"@type\":\"WebPage\",\"@id\":\"https:\/\/yugrow.es\/saas\/politica-privacidad\/#webpage\",\"url\":\"https:\/\/yugrow.es\/saas\/politica-privacidad\/\",\"name\":\"Pol\\u00edtica privacidad - YuGrow\",\"isPartOf\":{\"@id\":\"https:\/\/yugrow.es\/saas\/#website\"},\"datePublished\":\"2020-11-11T12:10:21+00:00\",\"dateModified\":\"2021-07-07T13:48:27+00:00\",\"breadcrumb\":{\"@id\":\"https:\/\/yugrow.es\/saas\/politica-privacidad\/#breadcrumb\"},\"inLanguage\":\"es\",\"potentialAction\":[{\"@type\":\"ReadAction\",\"target\":[\"https:\/\/yugrow.es\/saas\/politica-privacidad\/\"]}]},{\"@type\":\"BreadcrumbList\",\"@id\":\"https:\/\/yugrow.es\/saas\/politica-privacidad\/#breadcrumb\",\"itemListElement\":[{\"@type\":\"ListItem\",\"position\":1,\"name\":\"Portada\",\"item\":\"https:\/\/yugrow.es\/saas\/\"},{\"@type\":\"ListItem\",\"position\":2,\"name\":\"Pol\\u00edtica privacidad\"}]}]}<\/script>\n<!-- \/ Yoast SEO plugin. -->","yoast_head_json":{"title":"Pol\u00edtica privacidad - YuGrow","robots":{"index":"noindex","follow":"nofollow"},"og_locale":"es_ES","og_type":"article","og_title":"Pol\u00edtica privacidad - YuGrow","og_description":"Pol\u00edtica de Privacidad y Protecci\u00f3n de Datos www.yugrow.es La marca Yugrow as\u00ed como la p\u00e1gina principal www.yugrow.es y todas las p\u00e1ginas accesorias, pertenecen a YUCOACH SERVICES, S.L. .De conformidad con lo establecido en el Reglamento General de Protecci\u00f3n de datos (Reglamento (UE) 2016\/679 de 27 de abril de 2016 relativo a la protecci\u00f3n de las&hellip;&nbsp;Leer m\u00e1s &raquo;Pol\u00edtica privacidad","og_url":"https:\/\/yugrow.es\/saas\/politica-privacidad\/","og_site_name":"YuGrow","article_modified_time":"2021-07-07T13:48:27+00:00","twitter_card":"summary_large_image","twitter_misc":{"Tiempo de lectura":"4 minutos"},"schema":{"@context":"https:\/\/schema.org","@graph":[{"@type":"WebSite","@id":"https:\/\/yugrow.es\/saas\/#website","url":"https:\/\/yugrow.es\/saas\/","name":"YuGrow","description":"Plataforma online de Coaching &amp; Mentoring","potentialAction":[{"@type":"SearchAction","target":{"@type":"EntryPoint","urlTemplate":"https:\/\/yugrow.es\/saas\/?s={search_term_string}"},"query-input":"required name=search_term_string"}],"inLanguage":"es"},{"@type":"WebPage","@id":"https:\/\/yugrow.es\/saas\/politica-privacidad\/#webpage","url":"https:\/\/yugrow.es\/saas\/politica-privacidad\/","name":"Pol\u00edtica privacidad - YuGrow","isPartOf":{"@id":"https:\/\/yugrow.es\/saas\/#website"},"datePublished":"2020-11-11T12:10:21+00:00","dateModified":"2021-07-07T13:48:27+00:00","breadcrumb":{"@id":"https:\/\/yugrow.es\/saas\/politica-privacidad\/#breadcrumb"},"inLanguage":"es","potentialAction":[{"@type":"ReadAction","target":["https:\/\/yugrow.es\/saas\/politica-privacidad\/"]}]},{"@type":"BreadcrumbList","@id":"https:\/\/yugrow.es\/saas\/politica-privacidad\/#breadcrumb","itemListElement":[{"@type":"ListItem","position":1,"name":"Portada","item":"https:\/\/yugrow.es\/saas\/"},{"@type":"ListItem","position":2,"name":"Pol\u00edtica privacidad"}]}]}},"_links":{"self":[{"href":"https:\/\/yugrow.es\/saas\/wp-json\/wp\/v2\/pages\/1746"}],"collection":[{"href":"https:\/\/yugrow.es\/saas\/wp-json\/wp\/v2\/pages"}],"about":[{"href":"https:\/\/yugrow.es\/saas\/wp-json\/wp\/v2\/types\/page"}],"author":[{"embeddable":true,"href":"https:\/\/yugrow.es\/saas\/wp-json\/wp\/v2\/users\/1"}],"replies":[{"embeddable":true,"href":"https:\/\/yugrow.es\/saas\/wp-json\/wp\/v2\/comments?post=1746"}],"version-history":[{"count":0,"href":"https:\/\/yugrow.es\/saas\/wp-json\/wp\/v2\/pages\/1746\/revisions"}],"wp:attachment":[{"href":"https:\/\/yugrow.es\/saas\/wp-json\/wp\/v2\/media?parent=1746"}],"curies":[{"name":"wp","href":"https:\/\/api.w.org\/{rel}","templated":true}]}}